{"id":28167,"date":"2026-04-13T11:40:09","date_gmt":"2026-04-13T08:40:09","guid":{"rendered":"https:\/\/basseinihooldus.ee\/our-services\/dolphin-robot-repair-and-maintenance\/"},"modified":"2026-04-13T11:40:10","modified_gmt":"2026-04-13T08:40:10","slug":"dolphin-robot-repair-and-maintenance","status":"publish","type":"page","link":"https:\/\/basseinihooldus.ee\/en\/our-services\/dolphin-robot-repair-and-maintenance\/","title":{"rendered":"Dolphin robot repair and maintenance"},"content":{"rendered":"\t\t<div data-elementor-type=\"wp-page\" data-elementor-id=\"28167\" class=\"elementor elementor-28167 elementor-27536\" data-elementor-post-type=\"page\">\n\t\t\t\t<div class=\"elementor-element elementor-element-7f260a1 e-flex e-con-boxed e-con e-parent\" data-id=\"7f260a1\" data-element_type=\"container\" data-e-type=\"container\">\n\t\t\t\t\t<div class=\"e-con-inner\">\n\t\t<div class=\"elementor-element elementor-element-163c61f e-con-full e-grid e-con e-child\" data-id=\"163c61f\" data-element_type=\"container\" data-e-type=\"container\">\n\t\t\t\t<div class=\"elementor-element elementor-element-6fccec0 elementor-widget elementor-widget-heading\" data-id=\"6fccec0\" data-element_type=\"widget\" data-e-type=\"widget\" data-widget_type=\"heading.default\">\n\t\t\t\t<div class=\"elementor-widget-container\">\n\t\t\t\t\t<h1 class=\"elementor-heading-title elementor-size-default\">Dolphin robot repair and maintenance<\/h1>\t\t\t\t<\/div>\n\t\t\t\t<\/div>\n\t\t<div class=\"elementor-element elementor-element-de1ef74 e-con-full e-flex e-con e-child\" data-id=\"de1ef74\" data-element_type=\"container\" data-e-type=\"container\">\n\t\t\t\t<div class=\"elementor-element elementor-element-0ad4cf7 elementor-widget__width-initial nupp elementor-widget elementor-widget-button\" data-id=\"0ad4cf7\" data-element_type=\"widget\" data-e-type=\"widget\" data-widget_type=\"button.default\">\n\t\t\t\t<div class=\"elementor-widget-container\">\n\t\t\t\t\t\t\t\t\t<div class=\"elementor-button-wrapper\">\n\t\t\t\t\t<a class=\"elementor-button elementor-button-link elementor-size-sm\" href=\"#kontaktivorm\">\n\t\t\t\t\t\t<span class=\"elementor-button-content-wrapper\">\n\t\t\t\t\t\t\t\t\t<span class=\"elementor-button-text\">Send inquiry<\/span>\n\t\t\t\t\t<\/span>\n\t\t\t\t\t<\/a>\n\t\t\t\t<\/div>\n\t\t\t\t\t\t\t\t<\/div>\n\t\t\t\t<\/div>\n\t\t\t\t<\/div>\n\t\t\t\t<\/div>\n\t\t<div class=\"elementor-element elementor-element-99acd69 e-con-full e-grid e-con e-child\" data-id=\"99acd69\" data-element_type=\"container\" data-e-type=\"container\">\n\t\t\t\t<div class=\"elementor-element elementor-element-06dbdf2 elementor-widget elementor-widget-theme-post-featured-image elementor-widget-image\" data-id=\"06dbdf2\" data-element_type=\"widget\" data-e-type=\"widget\" data-widget_type=\"theme-post-featured-image.default\">\n\t\t\t\t<div class=\"elementor-widget-container\">\n\t\t\t\t\t\t\t\t\t\t\t\t\t\t\t<img fetchpriority=\"high\" decoding=\"async\" width=\"800\" height=\"800\" src=\"https:\/\/basseinihooldus.ee\/wp-content\/uploads\/2024\/11\/Dolphin20Wave2010020Commercial20Pool20Cleaner20by20Maytronics3-1024x1024.jpg\" class=\"attachment-large size-large wp-image-28150\" alt=\"\" srcset=\"https:\/\/basseinihooldus.ee\/wp-content\/uploads\/2024\/11\/Dolphin20Wave2010020Commercial20Pool20Cleaner20by20Maytronics3-1024x1024.jpg 1024w, https:\/\/basseinihooldus.ee\/wp-content\/uploads\/2024\/11\/Dolphin20Wave2010020Commercial20Pool20Cleaner20by20Maytronics3-600x600.jpg 600w, https:\/\/basseinihooldus.ee\/wp-content\/uploads\/2024\/11\/Dolphin20Wave2010020Commercial20Pool20Cleaner20by20Maytronics3-100x100.jpg 100w, https:\/\/basseinihooldus.ee\/wp-content\/uploads\/2024\/11\/Dolphin20Wave2010020Commercial20Pool20Cleaner20by20Maytronics3-300x300.jpg 300w, https:\/\/basseinihooldus.ee\/wp-content\/uploads\/2024\/11\/Dolphin20Wave2010020Commercial20Pool20Cleaner20by20Maytronics3-150x150.jpg 150w, https:\/\/basseinihooldus.ee\/wp-content\/uploads\/2024\/11\/Dolphin20Wave2010020Commercial20Pool20Cleaner20by20Maytronics3-768x768.jpg 768w, https:\/\/basseinihooldus.ee\/wp-content\/uploads\/2024\/11\/Dolphin20Wave2010020Commercial20Pool20Cleaner20by20Maytronics3.jpg 1090w\" sizes=\"(max-width: 800px) 100vw, 800px\" \/>\t\t\t\t\t\t\t\t\t\t\t\t\t\t\t<\/div>\n\t\t\t\t<\/div>\n\t\t<div class=\"elementor-element elementor-element-d752349 e-con-full e-flex e-con e-child\" data-id=\"d752349\" data-element_type=\"container\" data-e-type=\"container\">\n\t\t\t\t<div class=\"elementor-element elementor-element-2876155 elementor-widget elementor-widget-text-editor\" data-id=\"2876155\" data-element_type=\"widget\" data-e-type=\"widget\" data-widget_type=\"text-editor.default\">\n\t\t\t\t<div class=\"elementor-widget-container\">\n\t\t\t\t\t\t\t\t\t<p>We provide maintenance and repair services for all Dolphin pool cleaning robots. Like other pool equipment, pool robots need occasional minor maintenance or repairs to ensure they last as long as possible. Basseinirobotid vajavad sarnaselt muule basseinitehnikale aeg-ajalt v\u00e4ikest hooldust v\u00f5i remonti, et nad saaksid sind teenida v\u00f5imalikult kaua. <\/p>\n<p>It is a good idea to have your robot checked at the beginning of the season and, if necessary, fix minor faults proactively. In case a more serious technical fault has occurred, we have a wide range of spare parts in stock that will allow us to get your robot back in working order.  <\/p>\n<p>To order a repair or maintenance service, fill out the form below.<\/p>\n<p><\/p>\n<p> <\/p>\n<p><\/p>\t\t\t\t\t\t\t\t<\/div>\n\t\t\t\t<\/div>\n\t\t\t\t<\/div>\n\t\t\t\t<\/div>\n\t\t<div class=\"elementor-element elementor-element-fd548c1 e-con-full e-flex e-con e-child\" data-id=\"fd548c1\" data-element_type=\"container\" data-e-type=\"container\">\n\t\t\t\t<div class=\"elementor-element elementor-element-e0b8c74 elementor-button-align-start elementor-widget elementor-widget-form\" data-id=\"e0b8c74\" data-element_type=\"widget\" data-e-type=\"widget\" id=\"kontaktivorm\" data-settings=\"{&quot;step_next_label&quot;:&quot;Next&quot;,&quot;step_previous_label&quot;:&quot;Previous&quot;,&quot;button_width&quot;:&quot;100&quot;,&quot;step_type&quot;:&quot;number_text&quot;,&quot;step_icon_shape&quot;:&quot;circle&quot;}\" data-widget_type=\"form.default\">\n\t\t\t\t<div class=\"elementor-widget-container\">\n\t\t\t\t\t\t\t<form class=\"elementor-form\" method=\"post\" id=\"kontaktivorm\" name=\"Contact form\" aria-label=\"Contact form\">\n\t\t\t<input type=\"hidden\" name=\"post_id\" value=\"28167\"\/>\n\t\t\t<input type=\"hidden\" name=\"form_id\" value=\"e0b8c74\"\/>\n\t\t\t<input type=\"hidden\" name=\"referer_title\" value=\"Dolphin robot repair and maintenance - Basseinihooldus.ee\" \/>\n\n\t\t\t\t\t\t\t<input type=\"hidden\" name=\"queried_id\" value=\"28167\"\/>\n\t\t\t\n\t\t\t<div class=\"elementor-form-fields-wrapper elementor-labels-above\">\n\t\t\t\t\t\t\t\t<div class=\"elementor-field-type-text elementor-field-group elementor-column elementor-field-group-name elementor-col-50 elementor-field-required elementor-mark-required\">\n\t\t\t\t\t\t\t\t\t\t\t\t<label for=\"form-field-name\" class=\"elementor-field-label\">\n\t\t\t\t\t\t\t\tFirst and last name\t\t\t\t\t\t\t<\/label>\n\t\t\t\t\t\t\t\t\t\t\t\t\t\t<input size=\"1\" type=\"text\" name=\"form_fields[name]\" id=\"form-field-name\" class=\"elementor-field elementor-size-sm  elementor-field-textual\" required=\"required\">\n\t\t\t\t\t\t\t\t\t\t\t<\/div>\n\t\t\t\t\t\t\t\t<div class=\"elementor-field-type-text elementor-field-group elementor-column elementor-field-group-field_9b6b8f6 elementor-col-50\">\n\t\t\t\t\t\t\t\t\t\t\t\t<label for=\"form-field-field_9b6b8f6\" class=\"elementor-field-label\">\n\t\t\t\t\t\t\t\tCompany\t\t\t\t\t\t\t<\/label>\n\t\t\t\t\t\t\t\t\t\t\t\t\t\t<input size=\"1\" type=\"text\" name=\"form_fields[field_9b6b8f6]\" id=\"form-field-field_9b6b8f6\" class=\"elementor-field elementor-size-sm  elementor-field-textual\">\n\t\t\t\t\t\t\t\t\t\t\t<\/div>\n\t\t\t\t\t\t\t\t<div class=\"elementor-field-type-email elementor-field-group elementor-column elementor-field-group-email elementor-col-50 elementor-field-required elementor-mark-required\">\n\t\t\t\t\t\t\t\t\t\t\t\t<label for=\"form-field-email\" class=\"elementor-field-label\">\n\t\t\t\t\t\t\t\tEmail\t\t\t\t\t\t\t<\/label>\n\t\t\t\t\t\t\t\t\t\t\t\t\t\t<input size=\"1\" type=\"email\" name=\"form_fields[email]\" id=\"form-field-email\" class=\"elementor-field elementor-size-sm  elementor-field-textual\" required=\"required\">\n\t\t\t\t\t\t\t\t\t\t\t<\/div>\n\t\t\t\t\t\t\t\t<div class=\"elementor-field-type-tel elementor-field-group elementor-column elementor-field-group-field_5485f2e elementor-col-50 elementor-field-required elementor-mark-required\">\n\t\t\t\t\t\t\t\t\t\t\t\t<label for=\"form-field-field_5485f2e\" class=\"elementor-field-label\">\n\t\t\t\t\t\t\t\tPhone number\t\t\t\t\t\t\t<\/label>\n\t\t\t\t\t\t\t\t<input size=\"1\" type=\"tel\" name=\"form_fields[field_5485f2e]\" id=\"form-field-field_5485f2e\" class=\"elementor-field elementor-size-sm  elementor-field-textual\" required=\"required\" pattern=\"[0-9()#&amp;+*-=.]+\" title=\"Only numbers and phone characters (#, -, *, etc) are accepted.\">\n\n\t\t\t\t\t\t<\/div>\n\t\t\t\t\t\t\t\t<div class=\"elementor-field-type-text elementor-field-group elementor-column elementor-field-group-field_1872e87 elementor-col-100 elementor-field-required elementor-mark-required\">\n\t\t\t\t\t\t\t\t\t\t\t\t<label for=\"form-field-field_1872e87\" class=\"elementor-field-label\">\n\t\t\t\t\t\t\t\tDevice model\t\t\t\t\t\t\t<\/label>\n\t\t\t\t\t\t\t\t\t\t\t\t\t\t<input size=\"1\" type=\"text\" name=\"form_fields[field_1872e87]\" id=\"form-field-field_1872e87\" class=\"elementor-field elementor-size-sm  elementor-field-textual\" required=\"required\">\n\t\t\t\t\t\t\t\t\t\t\t<\/div>\n\t\t\t\t\t\t\t\t<div class=\"elementor-field-type-textarea elementor-field-group elementor-column elementor-field-group-message elementor-col-100 elementor-field-required elementor-mark-required\">\n\t\t\t\t\t\t\t\t\t\t\t\t<label for=\"form-field-message\" class=\"elementor-field-label\">\n\t\t\t\t\t\t\t\tProblem description\t\t\t\t\t\t\t<\/label>\n\t\t\t\t\t\t<textarea class=\"elementor-field-textual elementor-field  elementor-size-sm\" name=\"form_fields[message]\" id=\"form-field-message\" rows=\"4\" required=\"required\"><\/textarea>\t\t\t\t<\/div>\n\t\t\t\t\t\t\t\t<div class=\"elementor-field-type-text\">\n\t\t\t\t\t<input size=\"1\" type=\"text\" name=\"form_fields[field_63d62a0]\" id=\"form-field-field_63d62a0\" class=\"elementor-field elementor-size-sm \" style=\"display:none !important;\">\t\t\t\t<\/div>\n\t\t\t\t\t\t\t\t<div class=\"elementor-field-type-recaptcha_v3 elementor-field-group elementor-column elementor-field-group-field_0c96c71 elementor-col-100 recaptcha_v3-inline\">\n\t\t\t\t\t<div class=\"elementor-field\" id=\"form-field-field_0c96c71\"><div class=\"elementor-g-recaptcha\" data-sitekey=\"6LcJEzsrAAAAAFUqhTJNBL7nSWOu8o4JooGR-YTb\" data-type=\"v3\" data-action=\"Form\" data-badge=\"inline\" data-size=\"invisible\"><\/div><\/div>\t\t\t\t<\/div>\n\t\t\t\t\t\t\t\t<div class=\"elementor-field-group elementor-column elementor-field-type-submit elementor-col-100 e-form__buttons\">\n\t\t\t\t\t<button class=\"elementor-button elementor-size-sm\" type=\"submit\" id=\"paring_saada\">\n\t\t\t\t\t\t<span class=\"elementor-button-content-wrapper\">\n\t\t\t\t\t\t\t\t\t\t\t\t\t\t\t\t\t\t\t\t\t\t<span class=\"elementor-button-text\">Send inquiry<\/span>\n\t\t\t\t\t\t\t\t\t\t\t\t\t<\/span>\n\t\t\t\t\t<\/button>\n\t\t\t\t<\/div>\n\t\t\t<\/div>\n\t\t<\/form>\n\t\t\t\t\t\t<\/div>\n\t\t\t\t<\/div>\n\t\t\t\t<\/div>\n\t\t<div class=\"elementor-element elementor-element-683956d e-con-full e-grid e-con e-child\" data-id=\"683956d\" data-element_type=\"container\" data-e-type=\"container\">\n\t\t\t\t<div class=\"elementor-element elementor-element-fb15554 elementor-align-left elementor-widget elementor-widget-button\" data-id=\"fb15554\" data-element_type=\"widget\" data-e-type=\"widget\" data-widget_type=\"button.default\">\n\t\t\t\t<div class=\"elementor-widget-container\">\n\t\t\t\t\t\t\t\t\t<div class=\"elementor-button-wrapper\">\n\t\t\t\t\t<a class=\"elementor-button elementor-button-link elementor-size-sm\" href=\"https:\/\/basseinihooldus.ee\/en\/our-services\/\" id=\"koik_blogipostitused\">\n\t\t\t\t\t\t<span class=\"elementor-button-content-wrapper\">\n\t\t\t\t\t\t<span class=\"elementor-button-icon\">\n\t\t\t\t<i aria-hidden=\"true\" class=\"bh bh-nool-vasak\"><\/i>\t\t\t<\/span>\n\t\t\t\t\t\t\t\t\t<span class=\"elementor-button-text\">Back to services page<\/span>\n\t\t\t\t\t<\/span>\n\t\t\t\t\t<\/a>\n\t\t\t\t<\/div>\n\t\t\t\t\t\t\t\t<\/div>\n\t\t\t\t<\/div>\n\t\t\t\t<\/div>\n\t\t\t\t\t<\/div>\n\t\t\t\t<\/div>\n\t\t\t\t<\/div>\n\t\t","protected":false},"excerpt":{"rendered":"<p>We provide maintenance and repair services for all Dolphin pool cleaning robots. We have a wide range of spare parts in stock that allow us to get your robot back in working order.<\/p>\n","protected":false},"author":1,"featured_media":28150,"parent":28144,"menu_order":0,"comment_status":"closed","ping_status":"closed","template":"","meta":{"_acf_changed":false,"footnotes":""},"categories":[104],"tags":[],"class_list":["post-28167","page","type-page","status-publish","has-post-thumbnail","hentry","category-services"],"acf":[],"_links":{"self":[{"href":"https:\/\/basseinihooldus.ee\/en\/wp-json\/wp\/v2\/pages\/28167","targetHints":{"allow":["GET"]}}],"collection":[{"href":"https:\/\/basseinihooldus.ee\/en\/wp-json\/wp\/v2\/pages"}],"about":[{"href":"https:\/\/basseinihooldus.ee\/en\/wp-json\/wp\/v2\/types\/page"}],"author":[{"embeddable":true,"href":"https:\/\/basseinihooldus.ee\/en\/wp-json\/wp\/v2\/users\/1"}],"replies":[{"embeddable":true,"href":"https:\/\/basseinihooldus.ee\/en\/wp-json\/wp\/v2\/comments?post=28167"}],"version-history":[{"count":3,"href":"https:\/\/basseinihooldus.ee\/en\/wp-json\/wp\/v2\/pages\/28167\/revisions"}],"predecessor-version":[{"id":28170,"href":"https:\/\/basseinihooldus.ee\/en\/wp-json\/wp\/v2\/pages\/28167\/revisions\/28170"}],"up":[{"embeddable":true,"href":"https:\/\/basseinihooldus.ee\/en\/wp-json\/wp\/v2\/pages\/28144"}],"wp:featuredmedia":[{"embeddable":true,"href":"https:\/\/basseinihooldus.ee\/en\/wp-json\/wp\/v2\/media\/28150"}],"wp:attachment":[{"href":"https:\/\/basseinihooldus.ee\/en\/wp-json\/wp\/v2\/media?parent=28167"}],"wp:term":[{"taxonomy":"category","embeddable":true,"href":"https:\/\/basseinihooldus.ee\/en\/wp-json\/wp\/v2\/categories?post=28167"},{"taxonomy":"post_tag","embeddable":true,"href":"https:\/\/basseinihooldus.ee\/en\/wp-json\/wp\/v2\/tags?post=28167"}],"curies":[{"name":"wp","href":"https:\/\/api.w.org\/{rel}","templated":true}]}}