{"id":24467,"date":"2020-09-23T08:42:54","date_gmt":"2020-09-23T08:42:54","guid":{"rendered":"https:\/\/basseinihooldus.ee\/?page_id=24467"},"modified":"2024-11-14T19:23:59","modified_gmt":"2024-11-14T17:23:59","slug":"privaatsustingimused","status":"publish","type":"page","link":"https:\/\/basseinihooldus.ee\/en\/privaatsustingimused\/","title":{"rendered":"Privaatsustingimused"},"content":{"rendered":"\n<h2 class=\"wp-block-heading\"><strong>Kliendiandmete t\u00f6\u00f6tlemise p\u00f5him\u00f5tted<\/strong><\/h2>\n\n\n\n<p>K\u00e4esolev dokument m\u00e4\u00e4ratleb LT Propool O\u00dc k\u00e4sutuses olevate kliendiandmete t\u00f6\u00f6tlemise eesm\u00e4rgid, koosseisu, t\u00f6\u00f6tlemise ning salastatuse.<\/p>\n\n\n\n<p><strong>Kes on klient?<\/strong><br>Isik, kes on astunud LT Propool O\u00dc-ga lepingulisesse suhtesse.<\/p>\n\n\n\n<p><strong>Mis on kliendiandmed?<\/strong><br>Kliendiandmed on igasugune info, mis on LT Propool O\u00dc-le oma kliendi kohta teada (nt kliendi nimi, kontaktandmed, tehingute andmed). LT Propool O\u00dc kogub tellimuste t\u00e4itmiseks klientidelt j\u00e4rgmisi andmeid: nimi, telefon, meiliaadress.<\/p>\n\n\n\n<p><strong>Mis on kliendiandmete t\u00f6\u00f6tlemine?<\/strong><br>Kliendiandmete t\u00f6\u00f6tlemine on igasugune kliendiandmetega tehtav toiming (sh kliendiandmete kogumine, salvestamine, korrastamine, s\u00e4ilitamine, muutmine, avalikustamine, juurdep\u00e4\u00e4su v\u00f5imaldamine kliendiandmetele, p\u00e4ringute ja v\u00e4ljav\u00f5tete tegemine, kasutamine, edastamine, ristkasutamine, \u00fchendamine, sulgemine, kustutamine ja h\u00e4vitamine).<\/p>\n\n\n\n<p><strong>Kes on kliendiandmete t\u00f6\u00f6tleja?<\/strong><br>Kliendiandmete t\u00f6\u00f6tleja on LT Propool O\u00dc. Kliendiandmete volitatud t\u00f6\u00f6tlejad on Logistrik Estonia O\u00dc ja Montonio Finance UAB. Lisaks on e-poega liidestatud Google Ads, Facebook ning Google Analytics.<\/p>\n\n\n\n<p><strong>Milline on kliendiandmete t\u00f6\u00f6tlemise eesm\u00e4rk?<\/strong><br>LT Propool O\u00dc t\u00f6\u00f6tleb kliendiandmeid selleks, et t\u00e4ita kliendiga s\u00f5lmitud lepingut, kaitsta oma rikutud v\u00f5i vaidlustatud \u00f5igusi ning paremini m\u00f5ista klientide ootusi ning seel\u00e4bi pakkuda kliendile sobivaid kvaliteetseid teenuseid. Andmeid kasutatakse tellimuste t\u00e4itmiseks, arve ja kauba saatmiseks, uudiskirja saatmiseks.<\/p>\n\n\n\n<p><strong>Millistel juhtudel LT Propool O\u00dc avaldab kliendiandmeid?<\/strong><br>Kliendiandmed on salajased, neid ei v\u00e4ljastata ning neile ei v\u00f5imaldata kolmandate isikute poolt ligip\u00e4\u00e4su, ilma kliendi eelneva n\u00f5usolekuta, v.a seadustes etten\u00e4htud juhtudel.<\/p>\n\n\n\n<p><strong>Kuidas LT Propool O\u00dc kasutab kliendiandmeid teenuste pakkumisel?<\/strong><br>Andmeid kasutatakse tellimuste t\u00e4itmiseks, arve ja kauba saatmiseks, uudiskirja saatmiseks (ainult soovi avaldanud klientidele). Kliendil on \u00f5igus igal igal ajal LT Propool O\u00dc-ga \u00fchendust v\u00f5tta, et teatada oma soovist personaalseid pakkumisi mitte saada.<\/p>\n\n\n\n<h3 class=\"wp-block-heading\">K\u00fcpsised<\/h3>\n\n\n\n<p>Nagu enamus veebilehti, kasutab ka meie veebileht&nbsp;&#8220;k\u00fcpsiseid&#8221;. K\u00fcpsis on sisuliselt tekstifail, mis salvestatakse veebisaidi k\u00fclastamisel kasutaja seadmesse. K\u00fcpsiste abil m\u00e4\u00e4ratakse ja salvestatakse eelistused, regionaalsed s\u00e4tted, teenuste kasutamise valikud jpm.<\/p>\n\n\n\n<p>Soovi korral v\u00f5ite brauseri seadistuses \u00e4ra keelata k\u00fcpsiste kasutamise, kuid sel juhul on v\u00f5imalik, et Teile pakutav teenus on h\u00e4iritud.<\/p>\n\n\n\n<p>K\u00fcpsised jaotuvad p\u00fcsi- ja sessioonik\u00fcpsisteks. P\u00fcsik\u00fcpsised j\u00e4\u00e4vad Teie personaalarvutisse v\u00f5i mobiilseadmesse ka peale seda, kui olete sulgenud brauseri v\u00f5i arvuti. Sessioonik\u00fcpsised kustutatakse aga kohe p\u00e4rast brauseri sulgemist.<\/p>\n\n\n\n<p>K\u00fcpsised jagunevad oma eesm\u00e4rgi j\u00e4rgi:<\/p>\n\n\n\n<p><strong>Vajalikud k\u00fcpsised.<\/strong>&nbsp;Sessioonik\u00fcpsised, mille eesm\u00e4rgiks on v\u00f5imaldada Teile meie veebisaidil pakutavate teenuste kasutamist. Need k\u00fcpsised aitavad kasutajaid autentida ja v\u00e4ltida kasutajakontode pahatahtlikku kasutamist. Ilma nende k\u00fcpsisteta ei saa me Teile soovitud teenuseid pakkuda.<\/p>\n\n\n\n<p><strong>Teavitusk\u00fcpsised.<\/strong>&nbsp;Need k\u00fcpsised tuvastavad, kas kasutajad on veebisaidil k\u00fcpsiste kasutamist aktsepteerinud.<\/p>\n\n\n\n<p><strong>Turunduslikud k\u00fcpsised.<\/strong>&nbsp;Vajalikud kasutajaprofiilide loomiseks, reklaami saatmiseks v\u00f5i kasutaja j\u00e4lgimiseks veebisaidil turunduseesm\u00e4rkidel.<\/p>\n\n\n\n<p><strong>Funktsionaalsed k\u00fcpsised.<\/strong>&nbsp;Need k\u00fcpsised v\u00f5imaldavad Teie brauseril meeles pidada valikuid, mida teete veebisaidi kasutamisel, n\u00e4iteks Teie sisselogimisandmete v\u00f5i keele-eelistuste salvestamine. Nende k\u00fcpsiste eesm\u00e4rk on pakkuda Teile personaalsemat kogemust ja v\u00e4ltida eelistuste uuesti sisestamist.<\/p>\n\n\n\n<h3 class=\"wp-block-heading\"><strong>Kuidas muuta oma kliendiandmeid ja taotleda nende t\u00f6\u00f6tlemise l\u00f5petamist?<\/strong><\/h3>\n\n\n\n<p>Klient saab kogutud andmetega tutvuda oma kasutajakontole sisse logides nii &#8220;Minu konto&#8221; men\u00fc\u00fcs kui tellimuste ajaloos. Kliendil on \u00f5igus tutvuda oma kliendiandmetega e-posti info@basseinihooldus.ee vahendusel v\u00f5i telefoni +372 53327628 kaudu. Kui kliendiandmed on muutunud v\u00f5i muul p\u00f5hjusel eba\u00f5iged, saab klient neid muuta &#8220;Minu konto&#8221; men\u00fc\u00fcs.<\/p>\n\n\n\n<p>Kliendil on \u00f5igus n\u00f5uda oma andmete t\u00f6\u00f6tlemise l\u00f5petamist ja\/v\u00f5i kogutud andmete kustutamist, kui vastav \u00f5igus tuleneb isikuandmete kaitse seadust v\u00f5i muust \u00f5igusaktist.<\/p>\n\n\n\n<p><strong>Kust saab t\u00e4iendavat infot kliendiandmete t\u00f6\u00f6tlemise kohta?<\/strong><br>Kui soovite oma kliendiandmete t\u00f6\u00f6tlemise kohta p\u00f5hjalikumat selgitust, helistage meile telefonil +372 53327628 v\u00f5i kirjutage e-posti aadressil <a href=\"mailto:info@basseinihooldus.ee\">info@basseinihooldus.ee<\/a>.<\/p>\n","protected":false},"excerpt":{"rendered":"<p>Kliendiandmete t\u00f6\u00f6tlemise p\u00f5him\u00f5tted K\u00e4esolev dokument m\u00e4\u00e4ratleb LT Propool O\u00dc k\u00e4sutuses olevate kliendiandmete t\u00f6\u00f6tlemise eesm\u00e4rgid, koosseisu, t\u00f6\u00f6tlemise ning salastatuse. Kes on klient?Isik, kes on astunud LT Propool O\u00dc-ga lepingulisesse suhtesse. Mis on kliendiandmed?Kliendiandmed on igasugune info, mis on LT Propool O\u00dc-le oma kliendi kohta teada (nt kliendi nimi, kontaktandmed, tehingute andmed). LT Propool O\u00dc kogub tellimuste [&hellip;]<\/p>\n","protected":false},"author":6,"featured_media":0,"parent":0,"menu_order":0,"comment_status":"closed","ping_status":"closed","template":"","meta":{"_acf_changed":false,"footnotes":""},"categories":[72],"tags":[],"class_list":["post-24467","page","type-page","status-publish","hentry","category-tingimused"],"acf":[],"_links":{"self":[{"href":"https:\/\/basseinihooldus.ee\/en\/wp-json\/wp\/v2\/pages\/24467","targetHints":{"allow":["GET"]}}],"collection":[{"href":"https:\/\/basseinihooldus.ee\/en\/wp-json\/wp\/v2\/pages"}],"about":[{"href":"https:\/\/basseinihooldus.ee\/en\/wp-json\/wp\/v2\/types\/page"}],"author":[{"embeddable":true,"href":"https:\/\/basseinihooldus.ee\/en\/wp-json\/wp\/v2\/users\/6"}],"replies":[{"embeddable":true,"href":"https:\/\/basseinihooldus.ee\/en\/wp-json\/wp\/v2\/comments?post=24467"}],"version-history":[{"count":9,"href":"https:\/\/basseinihooldus.ee\/en\/wp-json\/wp\/v2\/pages\/24467\/revisions"}],"predecessor-version":[{"id":27093,"href":"https:\/\/basseinihooldus.ee\/en\/wp-json\/wp\/v2\/pages\/24467\/revisions\/27093"}],"wp:attachment":[{"href":"https:\/\/basseinihooldus.ee\/en\/wp-json\/wp\/v2\/media?parent=24467"}],"wp:term":[{"taxonomy":"category","embeddable":true,"href":"https:\/\/basseinihooldus.ee\/en\/wp-json\/wp\/v2\/categories?post=24467"},{"taxonomy":"post_tag","embeddable":true,"href":"https:\/\/basseinihooldus.ee\/en\/wp-json\/wp\/v2\/tags?post=24467"}],"curies":[{"name":"wp","href":"https:\/\/api.w.org\/{rel}","templated":true}]}}